{"id":346,"date":"2025-12-10T14:48:14","date_gmt":"2025-12-10T13:48:14","guid":{"rendered":"https:\/\/ujverzio.kohasteel.hu\/?page_id=346"},"modified":"2025-12-11T10:47:01","modified_gmt":"2025-12-11T09:47:01","slug":"hegesztett-szerkezetek","status":"publish","type":"page","link":"https:\/\/kohasteel.hu\/en\/hegesztett-szerkezetek\/","title":{"rendered":"Welded structures"},"content":{"rendered":"<p>[et_pb_section fb_built=&#8221;1&#8243; admin_label=&#8221;Hero&#8221; _builder_version=&#8221;4.27.4&#8243; background_image=&#8221;https:\/\/kohasteel.hu\/wp-content\/uploads\/2025\/11\/work.jpg&#8221; custom_margin=&#8221;||||false&#8221; custom_padding=&#8221;10vw||10vw||true|false&#8221; global_colors_info=&#8221;{}&#8221;][et_pb_row _builder_version=&#8221;4.16&#8243; global_colors_info=&#8221;{}&#8221;][et_pb_column type=&#8221;4_4&#8243; _builder_version=&#8221;4.16&#8243; custom_padding=&#8221;|||&#8221; global_colors_info=&#8221;{}&#8221; custom_padding__hover=&#8221;|||&#8221;][et_pb_heading title=&#8221;Hegesztett szerkezetek&#8221; _builder_version=&#8221;4.27.5&#8243; _module_preset=&#8221;default&#8221; title_font=&#8221;|||||on|||&#8221; title_text_align=&#8221;center&#8221; title_text_color=&#8221;#fefefe&#8221; title_font_size=&#8221;52px&#8221; background_color=&#8221;#0C71C3&#8243; title_text_shadow_style=&#8221;preset4&#8243; title_text_shadow_color=&#8221;#000000&#8243; text_shadow_style=&#8221;preset4&#8243; text_shadow_color=&#8221;#000000&#8243; global_colors_info=&#8221;{}&#8221;][\/et_pb_heading][\/et_pb_column][\/et_pb_row][\/et_pb_section][et_pb_section fb_built=&#8221;1&#8243; _builder_version=&#8221;4.27.5&#8243; _module_preset=&#8221;default&#8221; background_color=&#8221;#4063aa&#8221; global_colors_info=&#8221;{}&#8221;][et_pb_row _builder_version=&#8221;4.27.5&#8243; _module_preset=&#8221;default&#8221; global_colors_info=&#8221;{}&#8221;][et_pb_column type=&#8221;4_4&#8243; _builder_version=&#8221;4.27.5&#8243; _module_preset=&#8221;default&#8221; global_colors_info=&#8221;{}&#8221;][et_pb_text _builder_version=&#8221;4.27.5&#8243; _module_preset=&#8221;default&#8221; text_font=&#8221;|||on|||||&#8221; text_text_color=&#8221;#FFFFFF&#8221; global_colors_info=&#8221;{}&#8221;]<\/p>\n<p>At our plant, we specialise in the manufacture of heavy-duty, dimensionally accurate welded structures. We manage the entire process in-house, from raw material preparation to welding and surface treatment, so we can guarantee stable quality and tight deadlines. Each structure is adapted to the specific application environment, load and installation conditions.<\/p>\n<p>[\/et_pb_text][\/et_pb_column][\/et_pb_row][et_pb_row _builder_version=&#8221;4.27.5&#8243; _module_preset=&#8221;default&#8221; global_colors_info=&#8221;{}&#8221;][et_pb_column type=&#8221;4_4&#8243; _builder_version=&#8221;4.27.5&#8243; _module_preset=&#8221;default&#8221; global_colors_info=&#8221;{}&#8221;][et_pb_image src=&#8221;https:\/\/kohasteel.hu\/wp-content\/uploads\/2025\/12\/hegeszt_invert.png&#8221; title_text=&#8221;hegeszt_invert&#8221; align=&#8221;center&#8221; _builder_version=&#8221;4.27.5&#8243; _module_preset=&#8221;default&#8221; width=&#8221;29%&#8221; max_width=&#8221;93%&#8221; hover_enabled=&#8221;0&#8243; global_colors_info=&#8221;{}&#8221; sticky_enabled=&#8221;0&#8243;][\/et_pb_image][et_pb_text _builder_version=&#8221;4.27.5&#8243; _module_preset=&#8221;default&#8221; text_font=&#8221;|||on|||||&#8221; text_text_color=&#8221;#FFFFFF&#8221; global_colors_info=&#8221;{}&#8221;]<\/p>\n<p>We use advanced welding technologies, certified welders and controlled materials to ensure that the finished structure will operate safely over the long term. Whether it's a machine frame, a support structure or a bespoke industrial solution, we'll see the project through from design to manufacture and documentation, working with the customer's technical team.<\/p>\n<p>[\/et_pb_text][\/et_pb_column][\/et_pb_row][et_pb_row _builder_version=&#8221;4.27.5&#8243; _module_preset=&#8221;default&#8221; global_colors_info=&#8221;{}&#8221;][et_pb_column type=&#8221;4_4&#8243; _builder_version=&#8221;4.27.5&#8243; _module_preset=&#8221;default&#8221; global_colors_info=&#8221;{}&#8221;][et_pb_gallery gallery_ids=&#8221;348,349,350,351,352,353,354,355,356,357,358,359,360,361,362,363,364,365,366,367,368,369,370&#8243; posts_number=&#8221;30&#8243; show_title_and_caption=&#8221;off&#8221; _builder_version=&#8221;4.27.5&#8243; _module_preset=&#8221;default&#8221; text_orientation=&#8221;center&#8221; global_colors_info=&#8221;{}&#8221;][\/et_pb_gallery][\/et_pb_column][\/et_pb_row][\/et_pb_section]<\/p>","protected":false},"excerpt":{"rendered":"<p>\u00dczem\u00fcnkben nagy teherb\u00edr\u00e1s\u00fa, m\u00e9retpontos hegesztett szerkezetek gy\u00e1rt\u00e1s\u00e1ra specializ\u00e1l\u00f3dtunk. A teljes folyamatot h\u00e1zon bel\u00fcl kezelj\u00fck az alapanyag-el\u0151k\u00e9sz\u00edt\u00e9st\u0151l a hegeszt\u00e9sen \u00e1t eg\u00e9szen a fel\u00fcletkezel\u00e9sig, \u00edgy garant\u00e1lni tudjuk a stabil min\u0151s\u00e9get \u00e9s a szoros hat\u00e1rid\u0151k tart\u00e1s\u00e1t. Minden szerkezetet a konkr\u00e9t felhaszn\u00e1l\u00e1si k\u00f6rnyezethez, terhel\u00e9shez \u00e9s be\u00e9p\u00edt\u00e9si felt\u00e9telekhez igaz\u00edtunk.Korszer\u0171 hegeszt\u00e9si technol\u00f3gi\u00e1kat, min\u0151s\u00edtett hegeszt\u0151ket \u00e9s ellen\u0151rz\u00f6tt alapanyagokat haszn\u00e1lunk, hogy a k\u00e9sz [&hellip;]<\/p>","protected":false},"author":1,"featured_media":0,"parent":0,"menu_order":0,"comment_status":"closed","ping_status":"closed","template":"","meta":{"_seopress_robots_primary_cat":"","_seopress_titles_title":"","_seopress_titles_desc":"","_seopress_robots_index":"","_et_pb_use_builder":"on","_et_pb_old_content":"","_et_gb_content_width":"","footnotes":""},"class_list":["post-346","page","type-page","status-publish","hentry"],"_links":{"self":[{"href":"https:\/\/kohasteel.hu\/en\/wp-json\/wp\/v2\/pages\/346","targetHints":{"allow":["GET"]}}],"collection":[{"href":"https:\/\/kohasteel.hu\/en\/wp-json\/wp\/v2\/pages"}],"about":[{"href":"https:\/\/kohasteel.hu\/en\/wp-json\/wp\/v2\/types\/page"}],"author":[{"embeddable":true,"href":"https:\/\/kohasteel.hu\/en\/wp-json\/wp\/v2\/users\/1"}],"replies":[{"embeddable":true,"href":"https:\/\/kohasteel.hu\/en\/wp-json\/wp\/v2\/comments?post=346"}],"version-history":[{"count":10,"href":"https:\/\/kohasteel.hu\/en\/wp-json\/wp\/v2\/pages\/346\/revisions"}],"predecessor-version":[{"id":508,"href":"https:\/\/kohasteel.hu\/en\/wp-json\/wp\/v2\/pages\/346\/revisions\/508"}],"wp:attachment":[{"href":"https:\/\/kohasteel.hu\/en\/wp-json\/wp\/v2\/media?parent=346"}],"curies":[{"name":"wp","href":"https:\/\/api.w.org\/{rel}","templated":true}]}}