{"id":226,"date":"2025-08-21T17:09:26","date_gmt":"2025-08-21T17:09:26","guid":{"rendered":"https:\/\/alap.sikerrevagyunkitelve.hu\/?page_id=226"},"modified":"2025-11-29T17:41:57","modified_gmt":"2025-11-29T16:41:57","slug":"menedzsment","status":"publish","type":"page","link":"https:\/\/kohasteel.hu\/en\/menedzsment\/","title":{"rendered":"Management"},"content":{"rendered":"<p>[et_pb_section fb_built=&#8221;1&#8243; _builder_version=&#8221;4.27.4&#8243; _module_preset=&#8221;default&#8221; global_colors_info=&#8221;{}&#8221;][et_pb_row _builder_version=&#8221;4.27.4&#8243; _module_preset=&#8221;default&#8221;][et_pb_column _builder_version=&#8221;4.27.4&#8243; _module_preset=&#8221;default&#8221; type=&#8221;4_4&#8243;][et_pb_heading title=&#8221;Menedzsment&#8221; _builder_version=&#8221;4.27.4&#8243; _module_preset=&#8221;default&#8221; hover_enabled=&#8221;0&#8243; sticky_enabled=&#8221;0&#8243;][\/et_pb_heading][\/et_pb_column][\/et_pb_row][et_pb_row _builder_version=&#8221;4.27.4&#8243; _module_preset=&#8221;default&#8221; global_colors_info=&#8221;{}&#8221;][et_pb_column type=&#8221;4_4&#8243; _builder_version=&#8221;4.27.4&#8243; _module_preset=&#8221;default&#8221; global_colors_info=&#8221;{}&#8221;][et_pb_text _builder_version=&#8221;4.27.4&#8243; _module_preset=&#8221;default&#8221; global_colors_info=&#8221;{}&#8221;]<\/p>\n<p>&nbsp;<\/p>\n<table border=\"1\" style=\"border-collapse: collapse; width: 100%; height: 896px;\">\n<tbody>\n<tr style=\"height: 176px;\">\n<td style=\"width: 50%; height: 176px;\">\n<div class=\"worker-name\">\n<p><strong>Mrs S\u00e1ndorn\u00e9 Hajdu<\/strong><\/p>\n<p><strong> <\/strong><\/p>\n<p><strong><\/strong><\/p>\n<\/div>\n<div class=\"work-position\">Managing Director<\/div>\n<div class=\"worker-phone\">+36-30-627-9857<\/div>\n<p>\u00a0<a href=\"mailto:kohasteel@kohasteel.hu\">kohasteel@kohasteel.hu<\/a><\/p>\n<div class=\"update-time-management\"><\/div>\n<\/td>\n<td style=\"width: 50%; height: 176px;\">\n<div class=\"worker-name\">\n<p><strong>S\u00e1ndor Hajdu<\/strong><\/p>\n<p><strong> <\/strong><\/p>\n<p><strong><\/strong><\/p>\n<\/div>\n<div class=\"work-position\">Technical Director &amp; Head of Financial Management<\/div>\n<div class=\"worker-phone\">+36-30-938-2241<\/div>\n<div class=\"worker-mail\"><a href=\"mailto:sandor.hajdu@kohasteel.hu\">sandor.hajdu@kohasteel.hu<\/a><\/div>\n<div class=\"update-time-management\"><\/div>\n<\/td>\n<\/tr>\n<tr style=\"height: 192px;\">\n<td style=\"width: 50%; height: 192px;\">\n<div class=\"worker-name\">\n<p><strong>Roland Hajdu<\/strong><\/p>\n<p><strong> <\/strong><\/p>\n<p><strong><\/strong><\/p>\n<\/div>\n<p>\u00a0Production Manager, Technologist, Industrial Machinist<br \/><span style=\"font-size: 14px;\">+36-30-383-5208<br \/><\/span><a href=\"mailto:roland.hajdu@kohasteel.hu\" style=\"font-size: 14px;\">roland.hajdu@kohasteel.hu<\/a><\/p>\n<\/td>\n<td style=\"width: 50%; height: 192px;\">\n<div class=\"worker-name\">\n<p><strong>Tibor Kony\u00e1ri<\/strong><\/p>\n<p><strong> <\/strong><\/p>\n<p><strong><\/strong><\/p>\n<\/div>\n<div class=\"worker-name\"><\/div>\n<div class=\"work-position\">Quality controller<\/div>\n<div class=\"work-position\"><\/div>\n<div class=\"worker-phone\">+36-30-677-1224<\/div>\n<div class=\"worker-phone\"><\/div>\n<div class=\"worker-mail\"><a href=\"mailto:tibor.konyari@kohasteel.hu\">tibor.konyari@kohasteel.hu<\/a><\/div>\n<\/td>\n<\/tr>\n<tr style=\"height: 184px;\">\n<td style=\"width: 50%; height: 184px;\">\n<div class=\"worker-name\">\n<p><strong>Norbert Persely<\/strong><\/p>\n<p><strong> <\/strong><\/p>\n<p><strong><\/strong><span style=\"font-size: 14px;\">Technical documentation and production preparation, orders<\/span><\/p>\n<\/div>\n<p>\u00a0+36-30-677-1224<br \/><span style=\"font-size: 14px;\"><\/span><a href=\"mailto:norbert.persely@kohasteel.hu\" style=\"font-size: 14px;\">norbert.persely@kohasteel.hu<\/a><\/p>\n<\/td>\n<td style=\"width: 50%; height: 184px;\">\n<div class=\"worker-name\">\n<p><strong>Zolt\u00e1n Kov\u00e1cs<\/strong><\/p>\n<p><span style=\"font-size: 14px;\">Production Manager, Master Welder<\/span><\/p>\n<\/div>\n<div class=\"worker-phone\">+36-30-299-5711<\/div>\n<p>\u00a0<span style=\"font-size: 14px;\"><\/span><a href=\"mailto:zoltan.kovacs@kohasteel.hu\" style=\"font-size: 14px;\">zoltan.kovacs@kohasteel.hu<\/a><\/p>\n<\/td>\n<\/tr>\n<tr style=\"height: 184px;\">\n<td style=\"width: 50%; height: 184px;\">\n<div class=\"worker-name\">\n<p><strong>Imre Zolt\u00e1n F\u00e9legyh\u00e1zi<\/strong><\/p>\n<p><strong> <\/strong><\/p>\n<p><strong><\/strong><\/p>\n<\/div>\n<p>\u00a0Technical documentation and production preparation, procurement, orders and quotations<\/p>\n<p>\u00a0+36-30-555-0934<br \/><span style=\"font-size: 14px;\"><\/span><a href=\"mailto:zoltan.felegyhazi@kohasteel.hu\" style=\"font-size: 14px;\">zoltan.felegyhazi@kohasteel.hu<\/a><\/p>\n<\/td>\n<td style=\"width: 50%; height: 184px;\">\n<div class=\"worker-name\"><strong>L\u00e1szl\u00f3 Daniel Nagy<\/p>\n<p><\/strong><\/div>\n<p><span style=\"font-size: 14px;\">Technical documentation and production preparation, procurement, orders and quotations<br \/><\/span><span style=\"font-size: 14px;\">+36-30-555-0934<br \/><\/span><span style=\"font-size: 14px;\"><\/span><a href=\"mailto:nagy.daniel@kohasteel.hu\" style=\"font-size: 14px;\">nagy.daniel@kohasteel.hu<\/a><\/p>\n<\/td>\n<\/tr>\n<tr style=\"height: 160px;\">\n<td style=\"width: 50%; height: 160px;\">\n<div class=\"worker-name\">\n<p><strong>J\u00e1nos H\u00fcse<\/strong><\/p>\n<p><span style=\"font-size: 14px;\">Quality controller<\/span><\/p>\n<\/div>\n<p>\u00a0+36-30-555-7176<br \/><span style=\"font-size: 14px;\"><\/span><a href=\"mailto:janos.huse@kohasteel.hu\" style=\"font-size: 14px;\">janos.huse@kohasteel.hu<\/a><\/p>\n<\/td>\n<td style=\"width: 50%; height: 160px;\"><\/td>\n<\/tr>\n<\/tbody>\n<\/table>\n<p>&nbsp;<\/p>\n<p>[\/et_pb_text][\/et_pb_column][\/et_pb_row][\/et_pb_section]<\/p>","protected":false},"excerpt":{"rendered":"<p>&nbsp; Hajdu S\u00e1ndorn\u00e9 \u00dcgyvezet\u0151 +36-30-627-9857 \u00a0kohasteel@kohasteel.hu Hajdu S\u00e1ndor M\u0171szaki igazgat\u00f3 &amp; P\u00e9nz\u00fcgyi menedzsment vezet\u0151je +36-30-938-2241 sandor.hajdu@kohasteel.hu Hajdu Roland \u00a0Termel\u00e9svezet\u0151, Technol\u00f3gus, Ipari G\u00e9p\u00e9sz Mester+36-30-383-5208roland.hajdu@kohasteel.hu Kony\u00e1ri Tibor Min\u0151s\u00e9gellen\u0151r +36-30-677-1224 tibor.konyari@kohasteel.hu Persely Norbert M\u0171szaki dokument\u00e1ci\u00f3-\u00e9s gy\u00e1rt\u00e1sel\u0151k\u00e9sz\u00edt\u00e9s, megrendel\u00e9sek \u00a0+36-30-677-1224norbert.persely@kohasteel.hu Kov\u00e1cs Zolt\u00e1n Termel\u00e9svezet\u0151, Hegeszt\u0151 Mester +36-30-299-5711 \u00a0zoltan.kovacs@kohasteel.hu F\u00e9legyh\u00e1zi Zolt\u00e1n Imre \u00a0M\u0171szaki dokument\u00e1ci\u00f3-\u00e9s gy\u00e1rt\u00e1sel\u0151k\u00e9sz\u00edt\u00e9s, beszerz\u00e9s, megrendel\u00e9sek \u00e9s \u00e1raj\u00e1nlatok \u00a0+36-30-555-0934zoltan.felegyhazi@kohasteel.hu Nagy L\u00e1szl\u00f3 [&hellip;]<\/p>","protected":false},"author":1,"featured_media":0,"parent":0,"menu_order":0,"comment_status":"closed","ping_status":"closed","template":"","meta":{"_seopress_robots_primary_cat":"","_seopress_titles_title":"","_seopress_titles_desc":"","_seopress_robots_index":"","_et_pb_use_builder":"on","_et_pb_old_content":"","_et_gb_content_width":"","footnotes":""},"class_list":["post-226","page","type-page","status-publish","hentry"],"_links":{"self":[{"href":"https:\/\/kohasteel.hu\/en\/wp-json\/wp\/v2\/pages\/226","targetHints":{"allow":["GET"]}}],"collection":[{"href":"https:\/\/kohasteel.hu\/en\/wp-json\/wp\/v2\/pages"}],"about":[{"href":"https:\/\/kohasteel.hu\/en\/wp-json\/wp\/v2\/types\/page"}],"author":[{"embeddable":true,"href":"https:\/\/kohasteel.hu\/en\/wp-json\/wp\/v2\/users\/1"}],"replies":[{"embeddable":true,"href":"https:\/\/kohasteel.hu\/en\/wp-json\/wp\/v2\/comments?post=226"}],"version-history":[{"count":7,"href":"https:\/\/kohasteel.hu\/en\/wp-json\/wp\/v2\/pages\/226\/revisions"}],"predecessor-version":[{"id":307,"href":"https:\/\/kohasteel.hu\/en\/wp-json\/wp\/v2\/pages\/226\/revisions\/307"}],"wp:attachment":[{"href":"https:\/\/kohasteel.hu\/en\/wp-json\/wp\/v2\/media?parent=226"}],"curies":[{"name":"wp","href":"https:\/\/api.w.org\/{rel}","templated":true}]}}