{"id":489,"date":"2025-12-10T19:39:57","date_gmt":"2025-12-10T18:39:57","guid":{"rendered":"https:\/\/ujverzio.kohasteel.hu\/?page_id=489"},"modified":"2025-12-12T14:40:03","modified_gmt":"2025-12-12T13:40:03","slug":"rolunk-2","status":"publish","type":"page","link":"https:\/\/kohasteel.hu\/de\/rolunk-2\/","title":{"rendered":"\u00dcber uns"},"content":{"rendered":"<p>[et_pb_section fb_built=&#8221;1&#8243; admin_label=&#8221;Hero&#8221; _builder_version=&#8221;4.27.4&#8243; background_image=&#8221;https:\/\/kohasteel.hu\/wp-content\/uploads\/2025\/11\/work.jpg&#8221; custom_margin=&#8221;||||false&#8221; custom_padding=&#8221;10vw||10vw||true|false&#8221; global_colors_info=&#8221;{}&#8221;][et_pb_row _builder_version=&#8221;4.16&#8243; global_colors_info=&#8221;{}&#8221;][et_pb_column type=&#8221;4_4&#8243; _builder_version=&#8221;4.16&#8243; custom_padding=&#8221;|||&#8221; global_colors_info=&#8221;{}&#8221; custom_padding__hover=&#8221;|||&#8221;][et_pb_heading title=&#8221;R\u00f3lunk&#8221; _builder_version=&#8221;4.27.5&#8243; _module_preset=&#8221;default&#8221; title_font=&#8221;|||||on|||&#8221; title_text_align=&#8221;center&#8221; title_text_color=&#8221;#fefefe&#8221; title_font_size=&#8221;52px&#8221; background_color=&#8221;#0C71C3&#8243; title_text_shadow_style=&#8221;preset4&#8243; title_text_shadow_color=&#8221;#000000&#8243; text_shadow_style=&#8221;preset4&#8243; text_shadow_color=&#8221;#000000&#8243; global_colors_info=&#8221;{}&#8221;][\/et_pb_heading][\/et_pb_column][\/et_pb_row][\/et_pb_section][et_pb_section fb_built=&#8221;1&#8243; _builder_version=&#8221;4.27.5&#8243; _module_preset=&#8221;default&#8221; background_color=&#8221;#4063aa&#8221; global_colors_info=&#8221;{}&#8221;][et_pb_row _builder_version=&#8221;4.27.5&#8243; _module_preset=&#8221;default&#8221; global_colors_info=&#8221;{}&#8221;][et_pb_column type=&#8221;4_4&#8243; _builder_version=&#8221;4.27.5&#8243; _module_preset=&#8221;default&#8221; global_colors_info=&#8221;{}&#8221;][et_pb_text _builder_version=&#8221;4.27.5&#8243; _module_preset=&#8221;default&#8221; text_font=&#8221;|||on|||||&#8221; text_text_color=&#8221;#FFFFFF&#8221; hover_enabled=&#8221;0&#8243; global_colors_info=&#8221;{}&#8221; sticky_enabled=&#8221;0&#8243;]<\/p>\n<p><span>Unser Unternehmen wurde im Jahr 2000 als Familienbetrieb gegr\u00fcndet, basierend auf 25 Jahren Berufserfahrung und dem oben genannten Motto. Unser Hauptprofil ist die Herstellung von Bauteilen, Bearbeitungen und Stahlkonstruktionen. Was die Rohstoffe betrifft, so haben wir umfangreiche Erfahrungen in der Bearbeitung von Aluminium und seinen Legierungen, Kohlenstoffst\u00e4hlen, korrosionsbest\u00e4ndigen und rostfreien St\u00e4hlen, Nichteisenmetallen und Kunststoffen gesammelt. <\/span><\/p>\n<p><span>Wir sind in der Lage, kleine und mittlere Serien zu produzieren, und unser Maschinenpark und unser professioneller Hintergrund erlauben es uns auch, kundenspezifische Produkte und Muster herzustellen. Dank unseres gut ausgebauten und zuverl\u00e4ssigen Kooperationsnetzes ist die Beschaffung von Rohstoffen, Oberfl\u00e4chenbehandlung und W\u00e4rmebehandlung kein Problem.<\/span><\/p>\n<p>[\/et_pb_text][\/et_pb_column][\/et_pb_row][et_pb_row _builder_version=&#8221;4.27.5&#8243; _module_preset=&#8221;default&#8221; global_colors_info=&#8221;{}&#8221;][et_pb_column type=&#8221;4_4&#8243; _builder_version=&#8221;4.27.5&#8243; _module_preset=&#8221;default&#8221; global_colors_info=&#8221;{}&#8221;][et_pb_image src=&#8221;https:\/\/kohasteel.hu\/wp-content\/uploads\/2025\/11\/koha_rolunk.jpg&#8221; alt=&#8221;R\u00f3lunk&#8221; title_text=&#8221;koha_rolunk&#8221; align=&#8221;center&#8221; _builder_version=&#8221;4.27.5&#8243; _module_preset=&#8221;default&#8221; width=&#8221;51%&#8221; max_width=&#8221;93%&#8221; global_colors_info=&#8221;{}&#8221;][\/et_pb_image][\/et_pb_column][\/et_pb_row][\/et_pb_section]<\/p>","protected":false},"excerpt":{"rendered":"<p>C\u00e9g\u00fcnket csal\u00e1di v\u00e1llalkoz\u00e1sk\u00e9nt, 25 \u00e9v szakmai tapasztalatunk alapj\u00e1n a fent eml\u00edtett mott\u00f3ra alap\u00edtottuk meg 2000-ben. F\u0151 profilunk az alkatr\u00e9szgy\u00e1rt\u00e1s, forg\u00e1csol\u00e1s \u00e9s ac\u00e9lszerkezetek gy\u00e1rt\u00e1sa. Az alapanyagot tekintve alum\u00ednium \u00e9s \u00f6tv\u00f6zeteik, sz\u00e9nac\u00e9lok, korr\u00f3zi\u00f3\u00e1ll\u00f3 \u00e9s nemesac\u00e9lok, sz\u00ednesf\u00e9mek \u00e9s m\u0171anyagok forg\u00e1csol\u00e1s\u00e1ban szerezt\u00fcnk nagy gy\u00e1rt\u00e1si tapasztalatokat. Felk\u00e9sz\u00fclt\u00fcnk kis \u00e9s k\u00f6zepes sz\u00e9ri\u00e1k gy\u00e1rt\u00e1s\u00e1ra, emellett g\u00e9pparkunk \u00e9s szakmai h\u00e1tter\u00fcnk lehet\u0151v\u00e9 teszi az [&hellip;]<\/p>","protected":false},"author":1,"featured_media":0,"parent":0,"menu_order":0,"comment_status":"closed","ping_status":"closed","template":"","meta":{"_seopress_robots_primary_cat":"","_seopress_titles_title":"","_seopress_titles_desc":"","_seopress_robots_index":"","_et_pb_use_builder":"on","_et_pb_old_content":"","_et_gb_content_width":"","footnotes":""},"class_list":["post-489","page","type-page","status-publish","hentry"],"_links":{"self":[{"href":"https:\/\/kohasteel.hu\/de\/wp-json\/wp\/v2\/pages\/489","targetHints":{"allow":["GET"]}}],"collection":[{"href":"https:\/\/kohasteel.hu\/de\/wp-json\/wp\/v2\/pages"}],"about":[{"href":"https:\/\/kohasteel.hu\/de\/wp-json\/wp\/v2\/types\/page"}],"author":[{"embeddable":true,"href":"https:\/\/kohasteel.hu\/de\/wp-json\/wp\/v2\/users\/1"}],"replies":[{"embeddable":true,"href":"https:\/\/kohasteel.hu\/de\/wp-json\/wp\/v2\/comments?post=489"}],"version-history":[{"count":5,"href":"https:\/\/kohasteel.hu\/de\/wp-json\/wp\/v2\/pages\/489\/revisions"}],"predecessor-version":[{"id":533,"href":"https:\/\/kohasteel.hu\/de\/wp-json\/wp\/v2\/pages\/489\/revisions\/533"}],"wp:attachment":[{"href":"https:\/\/kohasteel.hu\/de\/wp-json\/wp\/v2\/media?parent=489"}],"curies":[{"name":"wp","href":"https:\/\/api.w.org\/{rel}","templated":true}]}}