{"id":441,"date":"2025-12-10T19:37:49","date_gmt":"2025-12-10T18:37:49","guid":{"rendered":"https:\/\/ujverzio.kohasteel.hu\/?page_id=441"},"modified":"2025-12-11T10:37:35","modified_gmt":"2025-12-11T09:37:35","slug":"forgacsolt-alkatreszek","status":"publish","type":"page","link":"https:\/\/kohasteel.hu\/de\/forgacsolt-alkatreszek\/","title":{"rendered":"Gedrehte Teile"},"content":{"rendered":"<p>[et_pb_section fb_built=&#8221;1&#8243; admin_label=&#8221;Hero&#8221; _builder_version=&#8221;4.27.4&#8243; background_image=&#8221;https:\/\/kohasteel.hu\/wp-content\/uploads\/2025\/11\/work.jpg&#8221; custom_margin=&#8221;||||false&#8221; custom_padding=&#8221;10vw||10vw||true|false&#8221; global_colors_info=&#8221;{}&#8221;][et_pb_row _builder_version=&#8221;4.16&#8243; global_colors_info=&#8221;{}&#8221;][et_pb_column type=&#8221;4_4&#8243; _builder_version=&#8221;4.16&#8243; custom_padding=&#8221;|||&#8221; global_colors_info=&#8221;{}&#8221; custom_padding__hover=&#8221;|||&#8221;][et_pb_heading title=&#8221;Forg\u00e1csolt Alkatr\u00e9szek&#8221; _builder_version=&#8221;4.27.5&#8243; _module_preset=&#8221;default&#8221; title_font=&#8221;|||||on|||&#8221; title_text_align=&#8221;center&#8221; title_text_color=&#8221;#fefefe&#8221; title_font_size=&#8221;52px&#8221; background_color=&#8221;#0C71C3&#8243; title_text_shadow_style=&#8221;preset4&#8243; title_text_shadow_color=&#8221;#000000&#8243; text_shadow_style=&#8221;preset4&#8243; text_shadow_color=&#8221;#000000&#8243; global_colors_info=&#8221;{}&#8221;][\/et_pb_heading][\/et_pb_column][\/et_pb_row][\/et_pb_section][et_pb_section fb_built=&#8221;1&#8243; _builder_version=&#8221;4.27.5&#8243; _module_preset=&#8221;default&#8221; background_color=&#8221;#4063aa&#8221; global_colors_info=&#8221;{}&#8221;][et_pb_row _builder_version=&#8221;4.27.5&#8243; _module_preset=&#8221;default&#8221; global_colors_info=&#8221;{}&#8221;][et_pb_column type=&#8221;4_4&#8243; _builder_version=&#8221;4.27.5&#8243; _module_preset=&#8221;default&#8221; global_colors_info=&#8221;{}&#8221;][et_pb_text _builder_version=&#8221;4.27.5&#8243; _module_preset=&#8221;default&#8221; text_font=&#8221;|||on|||||&#8221; text_text_color=&#8221;#FFFFFF&#8221; global_colors_info=&#8221;{}&#8221;]<\/p>\n<p>In unserem Werk stellen wir hochpr\u00e4zise Einzel- und Serienteile aus Stahl, Edelstahl, Aluminium und anderen Legierungen her. Wir stimmen den gesamten Produktionsprozess auf die jeweilige Aufgabe ab: von der Konstruktionsberatung \u00fcber die Versuchsproduktion bis hin zur fertigen Serie. Mit unserem hochmodernen Maschinenpark und unseren erfahrenen Technikern sorgen wir f\u00fcr stabile Qualit\u00e4t, Wiederholbarkeit und vorhersehbare Fristen.<\/p>\n<p>[\/et_pb_text][\/et_pb_column][\/et_pb_row][et_pb_row _builder_version=&#8221;4.27.5&#8243; _module_preset=&#8221;default&#8221; global_colors_info=&#8221;{}&#8221;][et_pb_column type=&#8221;4_4&#8243; _builder_version=&#8221;4.27.5&#8243; _module_preset=&#8221;default&#8221; global_colors_info=&#8221;{}&#8221;][et_pb_image src=&#8221;https:\/\/kohasteel.hu\/wp-content\/uploads\/2025\/12\/forgacsol_invert.png&#8221; title_text=&#8221;forgacsol_invert&#8221; align=&#8221;center&#8221; _builder_version=&#8221;4.27.5&#8243; _module_preset=&#8221;default&#8221; width=&#8221;29%&#8221; max_width=&#8221;93%&#8221; hover_enabled=&#8221;0&#8243; global_colors_info=&#8221;{}&#8221; sticky_enabled=&#8221;0&#8243;][\/et_pb_image][et_pb_text _builder_version=&#8221;4.27.5&#8243; _module_preset=&#8221;default&#8221; text_font=&#8221;|||on|||||&#8221; text_text_color=&#8221;#FFFFFF&#8221; global_colors_info=&#8221;{}&#8221;]<\/p>\n<p>Bei der Produktion achten wir besonders auf die Ma\u00dfhaltigkeit, die Oberfl\u00e4chenqualit\u00e4t und die dokumentierte Kontrolle. Mit unseren Messwerkzeugen und Pr\u00fcfverfahren kontrollieren wir die Teile kontinuierlich, damit sie zu den Maschinen, Baugruppen und Strukturen des Kunden passen. Bei Bedarf bieten wir eine Komplettl\u00f6sung an: Bearbeitete Teile werden zusammen mit Schwei\u00dfkonstruktionen und anderen Zulieferteilen bearbeitet, wodurch die M\u00f6glichkeit von Fehlern und die Anzahl der Abstimmungen verringert wird.<\/p>\n<p>[\/et_pb_text][\/et_pb_column][\/et_pb_row][et_pb_row _builder_version=&#8221;4.27.5&#8243; _module_preset=&#8221;default&#8221; global_colors_info=&#8221;{}&#8221;][et_pb_column type=&#8221;4_4&#8243; _builder_version=&#8221;4.27.5&#8243; _module_preset=&#8221;default&#8221; global_colors_info=&#8221;{}&#8221;][et_pb_gallery gallery_ids=&#8221;443,444,445,446,447,448,449,450,451,452,453,454,455,456,457,458,459,460,461,462,463,464,465,466,467,468,469,470,471,472,473,474,475,476,477,478,479,480,481,482,483,484&#8243; posts_number=&#8221;45&#8243; show_title_and_caption=&#8221;off&#8221; show_pagination=&#8221;off&#8221; _builder_version=&#8221;4.27.5&#8243; _module_preset=&#8221;default&#8221; global_colors_info=&#8221;{}&#8221;][\/et_pb_gallery][\/et_pb_column][\/et_pb_row][\/et_pb_section]<\/p>","protected":false},"excerpt":{"rendered":"<p>\u00dczem\u00fcnkben nagy pontoss\u00e1g\u00fa, egyedi \u00e9s sorozatgy\u00e1rtott forg\u00e1csolt alkatr\u00e9szeket k\u00e9sz\u00edt\u00fcnk ac\u00e9lb\u00f3l, rozsdamentes ac\u00e9lb\u00f3l, alum\u00edniumb\u00f3l \u00e9s egy\u00e9b \u00f6tv\u00f6zetekb\u0151l. A teljes gy\u00e1rt\u00e1si folyamatot az adott feladathoz igaz\u00edtjuk: a konstrukci\u00f3s egyeztet\u00e9st\u0151l a pr\u00f3bagy\u00e1rt\u00e1son \u00e1t a v\u00e9gleges sz\u00e9ri\u00e1ig. Korszer\u0171 g\u00e9pparkunkkal \u00e9s tapasztalt szakembereinkkel stabil min\u0151s\u00e9get, ism\u00e9telhet\u0151s\u00e9get \u00e9s j\u00f3l tervezhet\u0151 hat\u00e1rid\u0151ket biztos\u00edtunk.A gy\u00e1rt\u00e1s sor\u00e1n kiemelt figyelmet ford\u00edtunk a m\u00e9retpontoss\u00e1gra, a fel\u00fcleti [&hellip;]<\/p>","protected":false},"author":1,"featured_media":0,"parent":0,"menu_order":0,"comment_status":"closed","ping_status":"closed","template":"","meta":{"_seopress_robots_primary_cat":"","_seopress_titles_title":"","_seopress_titles_desc":"","_seopress_robots_index":"","_et_pb_use_builder":"on","_et_pb_old_content":"","_et_gb_content_width":"","footnotes":""},"class_list":["post-441","page","type-page","status-publish","hentry"],"_links":{"self":[{"href":"https:\/\/kohasteel.hu\/de\/wp-json\/wp\/v2\/pages\/441","targetHints":{"allow":["GET"]}}],"collection":[{"href":"https:\/\/kohasteel.hu\/de\/wp-json\/wp\/v2\/pages"}],"about":[{"href":"https:\/\/kohasteel.hu\/de\/wp-json\/wp\/v2\/types\/page"}],"author":[{"embeddable":true,"href":"https:\/\/kohasteel.hu\/de\/wp-json\/wp\/v2\/users\/1"}],"replies":[{"embeddable":true,"href":"https:\/\/kohasteel.hu\/de\/wp-json\/wp\/v2\/comments?post=441"}],"version-history":[{"count":4,"href":"https:\/\/kohasteel.hu\/de\/wp-json\/wp\/v2\/pages\/441\/revisions"}],"predecessor-version":[{"id":507,"href":"https:\/\/kohasteel.hu\/de\/wp-json\/wp\/v2\/pages\/441\/revisions\/507"}],"wp:attachment":[{"href":"https:\/\/kohasteel.hu\/de\/wp-json\/wp\/v2\/media?parent=441"}],"curies":[{"name":"wp","href":"https:\/\/api.w.org\/{rel}","templated":true}]}}