{"id":154,"date":"2023-02-11T10:42:17","date_gmt":"2023-02-11T10:42:17","guid":{"rendered":"https:\/\/image.megjelenekaneten.hu\/?page_id=154"},"modified":"2023-02-11T10:42:48","modified_gmt":"2023-02-11T10:42:48","slug":"cookie","status":"publish","type":"page","link":"https:\/\/kohasteel.hu\/de\/cookie\/","title":{"rendered":"Cookie"},"content":{"rendered":"<p>[et_pb_section fb_built=&#8221;1&#8243; theme_builder_area=&#8221;post_content&#8221; _builder_version=&#8221;4.19.5&#8243; _module_preset=&#8221;default&#8221;][et_pb_row _builder_version=&#8221;4.19.5&#8243; _module_preset=&#8221;default&#8221; theme_builder_area=&#8221;post_content&#8221;][et_pb_column _builder_version=&#8221;4.19.5&#8243; _module_preset=&#8221;default&#8221; type=&#8221;4_4&#8243; theme_builder_area=&#8221;post_content&#8221;][et_pb_text _builder_version=&#8221;4.19.5&#8243; _module_preset=&#8221;default&#8221; theme_builder_area=&#8221;post_content&#8221; hover_enabled=&#8221;0&#8243; sticky_enabled=&#8221;0&#8243;]<\/p>\n<div class=\"et_pb_row et_pb_row_0\">\n<div class=\"et_pb_column et_pb_column_4_4 et_pb_column_0  et_pb_css_mix_blend_mode_passthrough et-last-child\">\n<div class=\"et_pb_module et_pb_text et_pb_text_0  et_pb_text_align_left et_pb_bg_layout_light\">\n<div class=\"et_pb_text_inner\">\n<h1 class=\"intro__title\" data-animation-delay=\"\"><span class=\"d-inline-block scroll-anim visibility-visible fadeInUp full-visible\" data-animation-item=\"\" data-animate=\"fadeInUp\">Leitfaden zur Verwaltung von Cookies (S\u00dcTI)<\/span><\/h1>\n<\/div>\n<\/div>\n<\/div>\n<\/div>\n<div class=\"et_pb_row et_pb_row_1\">\n<div class=\"et_pb_column et_pb_column_4_4 et_pb_column_1  et_pb_css_mix_blend_mode_passthrough et-last-child\">\n<div class=\"et_pb_module et_pb_text et_pb_text_1  et_pb_text_align_left et_pb_bg_layout_light\">\n<div class=\"et_pb_text_inner\">\n<p>Um Ihnen ein besseres Nutzererlebnis zu bieten, verwendet auch unser Unternehmen Cookies auf seinen Websites, und auch die Sikerre Vagyunk \u00cdt\u00e9lve Kft. verwendet Cookies auf ihren Websites.<\/p>\n<h3>I. WAS IST EIN KEKS?<\/h3>\n<p>I.1. Ein Cookie ist eine kleine Textdatei, ein Informationspaket, das auf Ihrem Computer oder Mobilger\u00e4t gespeichert wird, wenn Sie eine Website besuchen, und das der Browser bei jedem Besuch einer Seite an den Server zur\u00fccksendet. Um die Benutzerfreundlichkeit zu verbessern, speichern Cookies beispielsweise Ihre Aktionen und pers\u00f6nlichen Pr\u00e4ferenzen und liefern statistische Daten zur Verbesserung der Website. Die in Cookies gespeicherten Daten sind anonym, d.h. sie k\u00f6nnen nicht mit einer Person in Verbindung gebracht werden.<\/p>\n<h3>II. RECHTLICHER HINTERGRUND UND RECHTSGRUNDLAGE F\u00dcR COOKIES<\/h3>\n<p>II.1. Den Hintergrund f\u00fcr die Datenverarbeitung bilden das Gesetz CXII von 2011 \u00fcber das Recht auf informationelle Selbstbestimmung und Informationsfreiheit (Infotv.) und das Gesetz CVIII von 2001 \u00fcber bestimmte Aspekte von Dienstleistungen des elektronischen Gesch\u00e4ftsverkehrs und der Informationsgesellschaft. In \u00dcbereinstimmung mit Artikel 5 (1) (a) des Datenschutzgesetzes.<\/p>\n<h3>III. WELCHE COOKIES VERWENDEN WIR?<\/h3>\n<p>III.1.<span>\u00a0<\/span><strong>Cookies, die f\u00fcr den Betrieb der Website unerl\u00e4sslich und unbedingt notwendig sind:<\/strong><span>\u00a0<\/span>Sitzungs-Cookies, die f\u00fcr die Nutzung bestimmter Dienste auf der Website erforderlich sind (z. B. um sicherzustellen, dass die Website und die damit verbundenen Funktionen wie vorgesehen funktionieren). Diese Cookies werden automatisch von Ihrem Computer gel\u00f6scht, wenn Sie Ihren Browser schlie\u00dfen. Diese Cookies werden nur verwendet, um Ihren Computer zu identifizieren, und speichern keine pers\u00f6nlichen Informationen \u00fcber Sie.<\/p>\n<p>III.2.<span>\u00a0<\/span><strong>Cookies zur Verbesserung der Leistung:<\/strong><span>\u00a0<\/span>Wir sammeln Informationen dar\u00fcber, wie Sie unsere Website nutzen. Wir verwenden Google Analytics-Cookies, um das Verhalten und die Eigenschaften unserer Nutzer besser zu verstehen: welche Unterseiten sie besuchen, wie oft und wie lange sie diese besuchen. Diese Cookies identifizieren nur Ihren Computer und die gesammelten Daten sind anonym.<\/p>\n<p>III.3.<span>\u00a0<\/span><strong>Funktionale Cookies:<\/strong><span>\u00a0<\/span>Diese Cookies machen unsere Website benutzerfreundlicher. Sie erm\u00f6glichen es der Website, sich an Ihre fr\u00fcheren Pr\u00e4ferenzen zu erinnern - z. B. an das letzte Mal, als Sie Ihre Daten eingegeben haben -, um Ihnen einen besseren, pers\u00f6nlicheren Service zu bieten. Sie k\u00f6nnen auch pers\u00f6nliche Informationen enthalten, die Sie auf unserer Website angegeben haben.<\/p>\n<p>III.4.<span>\u00a0<\/span><strong>Gezielte Cookies:<\/strong><span>\u00a0<\/span>Sie erm\u00f6glichen es uns, Ihnen gezielte, relevante Werbung anzuzeigen. Sie erm\u00f6glichen es Ihnen auch, sich mit Websites sozialer Netzwerke zu verbinden. Sie identifizieren nur Ihren Computer und die erfassten Daten sind anonym.<\/p>\n<h3>IV. WOZU WERDEN COOKIES VERWENDET?<\/h3>\n<p>IV.1. um Informationen dar\u00fcber zu sammeln, wie Sie die Website nutzen, z. B. welche Teile der Website Sie am h\u00e4ufigsten besuchen oder nutzen. Dies wird uns helfen, Ihnen bei einem erneuten Besuch unserer Website ein noch besseres Erlebnis zu bieten.<\/p>\n<p>IV.2. zur Verbesserung unserer Website.<\/p>\n<p>IV.3 Einige der von uns verwendeten Cookies sind f\u00fcr das ordnungsgem\u00e4\u00dfe Funktionieren bestimmter Dienste unerl\u00e4sslich.<\/p>\n<p>IV.4 Der Zweck von Targeting- und Werbe-Cookies besteht darin, die Anzeige von Werbung auf den Websites zu erh\u00f6hen, die f\u00fcr Sie von Interesse oder Relevanz ist. Auch diese Cookies k\u00f6nnen Sie nicht pers\u00f6nlich identifizieren. Sie sammeln beispielsweise Informationen dar\u00fcber, welche Seiten unsere Besucher besucht haben, welche Teile der Website sie angeklickt haben, wie viele Seiten sie besucht haben - alles, um herauszufinden, welche Inhalte f\u00fcr Sie von Interesse sind.<\/p>\n<p>IV.5 Unsere Website verwendet auch Cookies des Remarketing-Dienstes von Google AdWords, um Besuchern der Website personalisierte Anzeigen auf Websites des Google Display-Netzwerks anzuzeigen. Sie k\u00f6nnen diese Cookies im Google-Werbeeinstellungsmanager verwenden (<a href=\"https:\/\/adssettings.google.com\/u\/0\/authenticated\">https:\/\/adssettings.google.com\/u\/0\/authenticated<\/a>) und folgen Sie den dortigen Anweisungen.<\/p>\n<p>IV.6 Wir verwenden Google Analytics-Cookies, um Informationen dar\u00fcber zu sammeln, wie unsere Besucher unsere Website nutzen. Diese Cookies k\u00f6nnen Sie nicht pers\u00f6nlich identifizieren (sie zeichnen nur teilweise die von Ihnen verwendete IP-Adresse auf). Sie sammeln \u00e4hnliche Informationen wie Targeting- und Werbe-Cookies, z. B. welche Seiten unsere Besucher angesehen haben, welche Teile der Website sie angeklickt haben, wie viele Seiten sie besucht haben, wie viel Zeit sie in jeder Sitzung verbracht haben und welche Fehlermeldungen aufgetreten sind - alles mit dem Ziel, unsere Website und die Erfahrung, die wir unseren Benutzern bieten, zu verbessern. Weitere Informationen \u00fcber Google Analytics-Cookies finden Sie unter Google Analytics-Cookies (<a href=\"https:\/\/adssettings.google.com\/u\/0\/authenticated\">https:\/\/adssettings.google.com\/u\/0\/authenticated<\/a>)<\/p>\n<h3>V. COOKIES UND DATENSPEICHERUNG<\/h3>\n<p>V.1 Die durch die Verwendung von Cookies erhobenen Daten werden so gespeichert, dass sie f\u00fcr Unbefugte nicht zug\u00e4nglich sind und nicht an Dritte weitergegeben werden. Wir werden personenbezogene Daten nicht l\u00e4nger aufbewahren, als es f\u00fcr die Erf\u00fcllung der Zwecke, f\u00fcr die die personenbezogenen Daten erhoben wurden, erforderlich ist, es sei denn, wir sind nach geltendem Recht zu einer l\u00e4ngeren Aufbewahrung verpflichtet.<\/p>\n<p>V.2. mehr zum Datenschutz auf unserer Website<span>\u00a0 siehe unsere Seite \u00fcber den Datenschutz<\/span>, Dieser Hinweis enth\u00e4lt die wichtigsten Informationen zur Datenverwaltung, -speicherung und zum Datenschutz.<\/p>\n<h3>VI. WIE KANN MAN COOKIES \u00dcBERPR\u00dcFEN UND DEAKTIVIEREN?<\/h3>\n<p>VI.1 Sie k\u00f6nnen die Speicherung von Cookies auf Ihrem Computer in Ihrem Browser aktivieren oder deaktivieren und bereits gespeicherte Cookies l\u00f6schen.<\/p>\n<p>VI.2. alle modernen Browser erlauben es Ihnen, Ihre Cookie-Einstellungen zu \u00e4ndern. Die meisten Browser akzeptieren Cookies automatisch, aber diese k\u00f6nnen in der Regel ge\u00e4ndert werden, um die automatische Annahme zu verhindern: Sie haben jedes Mal die Wahl, ob Sie Cookies zulassen wollen oder nicht.<\/p>\n<p>VI.3 Bitte beachten Sie, dass der Zweck von Cookies darin besteht, die Nutzbarkeit und die Abl\u00e4ufe auf unserer Website zu erleichtern und zu erm\u00f6glichen. Wenn Sie die Verwendung von Cookies verhindern oder l\u00f6schen, k\u00f6nnen unsere Besucher m\u00f6glicherweise die Funktionen unserer Website nicht in vollem Umfang nutzen oder die Website funktioniert in ihren Browsern nicht wie vorgesehen.<\/p>\n<p>Um mehr dar\u00fcber zu erfahren, welche Cookies Ihr Browser verwendet, besuchen Sie bitte eine der folgenden Websites, je nachdem, welchen Browser Sie verwenden:<\/p>\n<ul>\n<li>Google Chrome:<span>\u00a0<\/span><a href=\"https:\/\/support.google.com\/chrome\/answer\/95647?hl=en\">https:\/\/support.google.com\/chrome\/answer\/95647?hl=en<\/a><\/li>\n<li>Mozilla Firefox:<span>\u00a0<\/span><a href=\"https:\/\/support.mozilla.org\/en-US\/kb\/enable-and-disable-cookies-%20website-preferences\">https:\/\/support.mozilla.org\/en-US\/kb\/enable-and-disable-cookies- website-pr\u00e4ferenzen<\/a><\/li>\n<li>Safari:<span>\u00a0<\/span><a href=\"http:\/\/support.apple.com\/kb\/PH5042\">http:\/\/support.apple.com\/kb\/PH5042<\/a><\/li>\n<li>Windows Internet Explorer:<span>\u00a0<\/span><a href=\"http:\/\/support.microsoft.com\/kb\/196955\">http:\/\/support.microsoft.com\/kb\/196955<\/a><\/li>\n<\/ul>\n<p>Wenn Sie diese Website mit einem mobilen Ger\u00e4t besuchen, finden Sie Informationen auf den folgenden Seiten:<\/p>\n<ul>\n<li>Android:<span>\u00a0<\/span><a href=\"http:\/\/developer.android.com\/reference\/android\/webkit\/CookieManager.html\">http:\/\/developer.android.com\/reference\/android\/webkit\/CookieManager.html<\/a><\/li>\n<li>Blackberry:<span>\u00a0<\/span><a href=\"http:\/\/docs.blackberry.com\/en\/smartphone_users\/deliverables\/3200%20\/Turn_off_cookies_in_the_browser_60_1072866_11.jsp\">http:\/\/docs.blackberry.com\/en\/smartphone_users\/deliverables\/3200 \/Turn_off_cookies_in_dem_Browser_60_1072866_11.jsp<\/a><\/li>\n<li>Oper:<span>\u00a0<\/span><a href=\"http:\/\/www.opera.com\/help\/tutorials\/security\/privacy\/\">http:\/\/www.opera.com\/help\/tutorials\/security\/privacy\/<\/a><\/li>\n<li>Safari f\u00fcr iOS:<span>\u00a0<\/span><a href=\"http:\/\/support.apple.com\/kb\/PH5042\">http:\/\/support.apple.com\/kb\/PH5042<\/a><\/li>\n<\/ul>\n<h3>VII. INFORMATIONEN ZUM DATENSCHUTZ<\/h3>\n<p>VII.1 Nachfolgend finden Sie eine Zusammenfassung der wichtigsten Datenschutzinformationen \u00fcber Cookies:<\/p>\n<p><img decoding=\"async\" src=\"https:\/\/www.hellooo.hu\/storage\/73\/sutik.png\" \/><\/p>\n<\/div>\n<\/div>\n<\/div>\n<\/div>\n<p>[\/et_pb_text][\/et_pb_column][\/et_pb_row][\/et_pb_section]<\/p>","protected":false},"excerpt":{"rendered":"<p>Cookie (S\u00dcTI) kezel\u00e9si taj\u00e9koztat\u00f3 A min\u00e9l jobb felhaszn\u00e1l\u00f3i \u00e9lm\u00e9ny \u00e9rdek\u00e9ben c\u00e9g\u00fcnk is haszn\u00e1l s\u00fctiket a weboldalain, a Sikerre Vagyunk \u00cdt\u00e9lve Kft. is haszn\u00e1l s\u00fctiket (cookies) a weboldalain. I. MI AZ A S\u00dcTI? I.1. A s\u00fcti (cookie) egy kis sz\u00f6vegf\u00e1jl, inform\u00e1ci\u00f3 csomag, ami akkor ker\u00fcl a sz\u00e1m\u00edt\u00f3g\u00e9pre vagy mobil k\u00e9sz\u00fcl\u00e9kre, amikor \u00d6n egy webhelyet megl\u00e1togat, majd [&hellip;]<\/p>","protected":false},"author":1,"featured_media":0,"parent":0,"menu_order":0,"comment_status":"closed","ping_status":"closed","template":"","meta":{"_seopress_robots_primary_cat":"","_seopress_titles_title":"","_seopress_titles_desc":"","_seopress_robots_index":"","_et_pb_use_builder":"on","_et_pb_old_content":"","_et_gb_content_width":"","footnotes":""},"class_list":["post-154","page","type-page","status-publish","hentry"],"_links":{"self":[{"href":"https:\/\/kohasteel.hu\/de\/wp-json\/wp\/v2\/pages\/154","targetHints":{"allow":["GET"]}}],"collection":[{"href":"https:\/\/kohasteel.hu\/de\/wp-json\/wp\/v2\/pages"}],"about":[{"href":"https:\/\/kohasteel.hu\/de\/wp-json\/wp\/v2\/types\/page"}],"author":[{"embeddable":true,"href":"https:\/\/kohasteel.hu\/de\/wp-json\/wp\/v2\/users\/1"}],"replies":[{"embeddable":true,"href":"https:\/\/kohasteel.hu\/de\/wp-json\/wp\/v2\/comments?post=154"}],"version-history":[{"count":3,"href":"https:\/\/kohasteel.hu\/de\/wp-json\/wp\/v2\/pages\/154\/revisions"}],"predecessor-version":[{"id":157,"href":"https:\/\/kohasteel.hu\/de\/wp-json\/wp\/v2\/pages\/154\/revisions\/157"}],"wp:attachment":[{"href":"https:\/\/kohasteel.hu\/de\/wp-json\/wp\/v2\/media?parent=154"}],"curies":[{"name":"wp","href":"https:\/\/api.w.org\/{rel}","templated":true}]}}